{"id":10,"date":"2020-05-26T13:31:08","date_gmt":"2020-05-26T11:31:08","guid":{"rendered":"http:\/\/kkt-progress.pl\/?page_id=10"},"modified":"2020-06-04T13:38:23","modified_gmt":"2020-06-04T11:38:23","slug":"strona-glowna","status":"publish","type":"page","link":"https:\/\/kkt-progress.pl\/","title":{"rendered":"Witamy na stronie Kwidzy\u0144skiego Klubu Ta\u0144ca PROGRESS"},"content":{"rendered":"\n<p>Od ponad 20-stu lat uczymy ta\u0144ca na ka\u017cdym poziomie zaawansowania w Kwidzynie i okolicznych miejscowo\u015bciach. Pokazujemy jak stawia\u0107 pierwsze kroki, ale szkolimy tak\u017ce tancerzy na najwy\u017cszym polskim i \u015bwiatowym poziomie, w\u0142\u0105cznie z medalistami Mistrzostw Polski. Ta\u0144cz\u0105 u nas dzieci od 4 roku \u017cycia, ale i doro\u015bli po 60-tce te\u017c nie s\u0105 rzadko\u015bci\u0105. W naszej ofercie znajdziecie zaj\u0119cia z ta\u0144ca towarzyskiego, disco foxa, salsy, zumby, lady latino. Nauczymy Was tak\u017ce u\u017cytkowego ta\u0144ca na ka\u017cd\u0105 imprez\u0119 lub przygotujemy choreografi\u0119 Pierwszego ta\u0144ca M\u0142odej Pary, Dysponujemy bardzo dobrymi warunkami do nauki ta\u0144ca.<br>Zr\u00f3bcie pierwszy krok i przyjd\u017acie do nas, a my poka\u017cemy Wam nast\u0119pne:-)<\/p>\n\n\n\n<p><\/p>\n","protected":false},"excerpt":{"rendered":"<p>Od ponad 20-stu lat uczymy ta\u0144ca na ka\u017cdym poziomie zaawansowania w Kwidzynie i okolicznych miejscowo\u015bciach. Pokazujemy jak stawia\u0107 pierwsze kroki, ale szkolimy tak\u017ce tancerzy na najwy\u017cszym polskim i \u015bwiatowym poziomie, w\u0142\u0105cznie z medalistami Mistrzostw Polski. Ta\u0144cz\u0105 u nas dzieci od [&hellip;]<\/p>\n","protected":false},"author":1,"featured_media":0,"parent":0,"menu_order":0,"comment_status":"closed","ping_status":"closed","template":"","meta":[],"_links":{"self":[{"href":"https:\/\/kkt-progress.pl\/index.php\/wp-json\/wp\/v2\/pages\/10"}],"collection":[{"href":"https:\/\/kkt-progress.pl\/index.php\/wp-json\/wp\/v2\/pages"}],"about":[{"href":"https:\/\/kkt-progress.pl\/index.php\/wp-json\/wp\/v2\/types\/page"}],"author":[{"embeddable":true,"href":"https:\/\/kkt-progress.pl\/index.php\/wp-json\/wp\/v2\/users\/1"}],"replies":[{"embeddable":true,"href":"https:\/\/kkt-progress.pl\/index.php\/wp-json\/wp\/v2\/comments?post=10"}],"version-history":[{"count":7,"href":"https:\/\/kkt-progress.pl\/index.php\/wp-json\/wp\/v2\/pages\/10\/revisions"}],"predecessor-version":[{"id":168,"href":"https:\/\/kkt-progress.pl\/index.php\/wp-json\/wp\/v2\/pages\/10\/revisions\/168"}],"wp:attachment":[{"href":"https:\/\/kkt-progress.pl\/index.php\/wp-json\/wp\/v2\/media?parent=10"}],"curies":[{"name":"wp","href":"https:\/\/api.w.org\/{rel}","templated":true}]}}